{"id":73,"date":"2019-07-30T12:31:56","date_gmt":"2019-07-30T14:31:56","guid":{"rendered":"http:\/\/www4.ict.ufvjm.edu.br\/?page_id=73"},"modified":"2025-04-11T14:36:22","modified_gmt":"2025-04-11T17:36:22","slug":"arquivos","status":"publish","type":"page","link":"https:\/\/facet.ufvjm.edu.br\/?page_id=73","title":{"rendered":"Documentos"},"content":{"rendered":"\t\t<div data-elementor-type=\"wp-page\" data-elementor-id=\"73\" class=\"elementor elementor-73\">\n\t\t\t\t\t\t\t<div class=\"elementor-element elementor-element-2b177968 e-flex e-con-boxed e-con e-parent\" data-id=\"2b177968\" data-element_type=\"container\" data-settings=\"{&quot;content_width&quot;:&quot;boxed&quot;}\" data-core-v316-plus=\"true\">\n\t\t\t\t\t<div class=\"e-con-inner\">\n\t\t\t\t<div class=\"elementor-element elementor-element-49d26084 elementor-widget elementor-widget-text-editor\" data-id=\"49d26084\" data-element_type=\"widget\" data-widget_type=\"text-editor.default\">\n\t\t\t\t<div class=\"elementor-widget-container\">\n\t\t\t<style>\/*! elementor - v3.18.0 - 20-12-2023 *\/\n.elementor-widget-text-editor.elementor-drop-cap-view-stacked .elementor-drop-cap{background-color:#69727d;color:#fff}.elementor-widget-text-editor.elementor-drop-cap-view-framed .elementor-drop-cap{color:#69727d;border:3px solid;background-color:transparent}.elementor-widget-text-editor:not(.elementor-drop-cap-view-default) .elementor-drop-cap{margin-top:8px}.elementor-widget-text-editor:not(.elementor-drop-cap-view-default) .elementor-drop-cap-letter{width:1em;height:1em}.elementor-widget-text-editor .elementor-drop-cap{float:left;text-align:center;line-height:1;font-size:50px}.elementor-widget-text-editor .elementor-drop-cap-letter{display:inline-block}<\/style>\t\t\t\t<p><!-- wp:paragraph {\"className\":\"justify\"} --><\/p>\n<p class=\"justify\">Arquivos e documentos relativos aos cursos da Faculdade de Ci\u00eancias Exatas.<\/p>\n<p>\u00a0<\/p>\n<p class=\"justify\"><span class=\"collapseomatic \" id=\"id69dedd3ac44a9\"  tabindex=\"0\" title=\"&lt;strong&gt;Departamento de Computa\u00e7\u00e3o (DECOM)&lt;\/strong&gt;\"    ><strong>Departamento de Computa\u00e7\u00e3o (DECOM)<\/strong><\/span><div id=\"target-id69dedd3ac44a9\" class=\"collapseomatic_content \"><\/p>\n<p><!-- \/wp:paragraph --><!-- wp:paragraph --><\/p>\n<p><strong>Editais de monitoria remota remunerada e volunt\u00e1ria<\/strong><\/p>\n<p>2020\/5: <a href=\"https:\/\/drive.google.com\/file\/d\/1GUA_WTQ-xhghsORgnMIIIulFOIvVmo_R\/view?usp=drive_link\" target=\"_blank\" rel=\"noopener\">clique aqui<\/a><\/p>\n<p><strong>Editais de monitoria remunerada e volunt\u00e1ria<\/strong><\/p>\n<p>2019\/2: <a href=\"https:\/\/drive.google.com\/drive\/folders\/17RX_JNthO_QU45k_dIYqGDsBFyW2TpGt?usp=drive_link\" target=\"_blank\" rel=\"noopener\">clique aqui<\/a><\/p>\n<p>2021\/2: <a href=\"https:\/\/drive.google.com\/drive\/folders\/1U9BE1jI_X6ImY4pER5R-zNNZtXXvt_v8?usp=drive_link\" target=\"_blank\" rel=\"noopener\">clique aqui<\/a><\/p>\n<p>2022\/1: <a href=\"https:\/\/drive.google.com\/drive\/folders\/1aEs-JmFq2KPcqxvMUmYYNHUpIle9PQhQ?usp=drive_link\" target=\"_blank\" rel=\"noopener\">clique aqui<\/a><\/p>\n<p>2024\/1: <a href=\"https:\/\/facet.ufvjm.edu.br\/wp-content\/uploads\/editais%20de%20monitoria\/sistemas\/Edital2024-1.pdf?_t=1710874275\" target=\"_blank\" rel=\"noopener\">clique aqui<\/a><\/p>\n<p>2025\/1: <a href=\"https:\/\/facet.ufvjm.edu.br\/wp-content\/uploads\/Editais\/Monitorias\/EDITAL%20MONITORIA_2025_DECOM_assinado.pdf?_t=1741793039\" target=\"_blank\" rel=\"noopener\">clique aqui<\/a><\/p>\n<p><!-- \/wp:paragraph --><!-- wp:paragraph --><\/p>\n<hr class=\"wp-block-separator has-alpha-channel-opacity\" \/>\n<p><b>Editais para contrata\u00e7\u00e3o de estagi\u00e1rios\u00a0<\/b><\/p>\n<p>Edital 83\/2024: <a href=\"https:\/\/facet.ufvjm.edu.br\/wp-content\/uploads\/Editais\/Estagios\/Edital%2083.2024%20PSS%20Estagi%C3%A1rios.pdf?_t=1724100823\" target=\"_blank\" rel=\"noopener\">clique aqui<\/a><\/p>\n<p><!-- \/wp:paragraph --><!-- wp:paragraph --><\/p>\n<hr class=\"wp-block-separator has-alpha-channel-opacity\" \/>\n<p><strong>Resultados dos editais de monitoria\u00a0<\/strong><\/p>\n<p>2024\/1: <a href=\"https:\/\/facet.ufvjm.edu.br\/wp-content\/uploads\/resultados%20monitoria\/ATA%20resultado%20final%20DECOM.pdf?_t=1713804543\" target=\"_blank\" rel=\"noopener\">clique aqui<\/a><\/p>\n<p>\u00a0<\/p>\n<p><\/div><\/p>\n<p class=\"justify\"><span class=\"collapseomatic \" id=\"id69dedd3ac45ea\"  tabindex=\"0\" title=\"&lt;b&gt;Departamento de Matem\u00e1tica e Estat\u00edstica (DME)&lt;\/b&gt;\"    ><b>Departamento de Matem\u00e1tica e Estat\u00edstica (DME)<\/b><\/span><div id=\"target-id69dedd3ac45ea\" class=\"collapseomatic_content \"><\/p>\n<p><!-- \/wp:paragraph --><!-- wp:paragraph --><\/p>\n<p><strong>Editais de monitoria remota remunerada<\/strong><\/p>\n<p>2020\/2: <a href=\"https:\/\/drive.google.com\/drive\/folders\/1y9n90Nl4KQjO_9PBLoQLGHID__r2gw3x?usp=drive_link\" target=\"_blank\" rel=\"noopener\">clique aqui<\/a><\/p>\n<p><!-- \/wp:paragraph --><!-- wp:paragraph --><\/p>\n<p><strong>Editais de monitoria remota volunt\u00e1ria<\/strong><\/p>\n<p>2021\/1: <a href=\"https:\/\/drive.google.com\/drive\/folders\/19Qz4C41sVN4DsBLJA6IKnfviE2sgu0Ss?usp=drive_link\" target=\"_blank\" rel=\"noopener\">clique aqui<\/a><\/p>\n<p><strong>Editais de monitoria remunerada e volunt\u00e1ria<\/strong><\/p>\n<p>2019\/2: <a href=\"https:\/\/drive.google.com\/drive\/folders\/1Oz39JV85ywCAQWg0c7BJ9AmdpUsDy9x7?usp=drive_link\" target=\"_blank\" rel=\"noopener\">clique aqui<\/a><\/p>\n<p>2021\/2: <a href=\"https:\/\/drive.google.com\/drive\/folders\/1HY2HcERa44Z6sykUF9az5POxiBVJZMBm?usp=drive_link\" target=\"_blank\" rel=\"noopener\">clique aqui<\/a><\/p>\n<p>2022\/1: <a href=\"https:\/\/drive.google.com\/drive\/folders\/11j6rl1UiFKrnBA9yZvWUasn5meluWXYf?usp=drive_link\" target=\"_blank\" rel=\"noopener\">clique aqui<\/a><\/p>\n<p>2022\/2: <a href=\"https:\/\/drive.google.com\/drive\/folders\/1r447uTfM6xLu_GWb3EetUrWBA7zn1tD-?usp=drive_link\" target=\"_blank\" rel=\"noopener\">clique aqui<\/a><\/p>\n<p>2024\/1: <a href=\"https:\/\/facet.ufvjm.edu.br\/wp-content\/uploads\/editais%20de%20monitoria\/sistemas\/Edital2024-1.pdf?_t=1710874275\" target=\"_blank\" rel=\"noopener\">clique aqui<\/a><\/p>\n<p>2025\/1: <a href=\"https:\/\/facet.ufvjm.edu.br\/wp-content\/uploads\/Editais\/Monitorias\/EDITAL_PADRAO_MONITORIA_2025_DME_assinado.pdf?_t=1741793039\" target=\"_blank\" rel=\"noopener\">clique aqui<\/a><\/p>\n<hr class=\"wp-block-separator has-alpha-channel-opacity\" \/>\n<p><strong>Resultados dos editais de monitoria\u00a0<\/strong><\/p>\n<p>2024\/1: <a href=\"https:\/\/facet.ufvjm.edu.br\/wp-content\/uploads\/resultados%20monitoria\/ATA%20resultado%20preliminar%20DME.pdf?_t=1713804543\" target=\"_blank\" rel=\"noopener\">clique aqui<\/a><\/p>\n<p><!-- \/wp:paragraph --><!-- wp:paragraph --><\/p>\n<p>\u00a0<\/p>\n<p><\/div><\/p>\n<!-- Refatorar depois -->\n<p class=\"justify\"><span class=\"collapseomatic \" id=\"id69dedd3ac46e2\"  tabindex=\"0\" title=\"&lt;strong&gt;Departamento de&lt;\/strong&gt; &lt;strong&gt;Qu\u00edmica (DEQUI)&lt;\/strong&gt;\"    ><strong>Departamento de<\/strong> <strong>Qu\u00edmica (DEQUI)<\/strong><\/span><div id=\"target-id69dedd3ac46e2\" class=\"collapseomatic_content \"><\/p>\n<p><!-- \/wp:paragraph --><!-- wp:paragraph --><\/p>\n<p><strong>Editais de monitoria remota remunerada<\/strong><\/p>\n<p>2020\/2: <a href=\"https:\/\/drive.google.com\/drive\/folders\/1S-wUbXNTo_o-Be4U1DFxTm9PWquhwae7?usp=drive_link\" target=\"_blank\" rel=\"noopener\">clique aqui<\/a><\/p>\n<p>2020\/5: <a href=\"https:\/\/drive.google.com\/file\/d\/1rsdcOHccdxnW46Mc0mdvb-ewNWKuvLsJ\/view?usp=drive_link\" target=\"_blank\" rel=\"noopener\">clique aqui<\/a><\/p>\n<p><strong>Editais de monitoria remunerada<\/strong><\/p>\n<p>2019\/2: <a href=\"https:\/\/drive.google.com\/drive\/folders\/1h6pjKNnCJO44rEhDATDXj4Cs0PiDN0H5?usp=drive_link\" target=\"_blank\" rel=\"noopener\">clique aqui<\/a><\/p>\n<p><strong>Editais de monitoria remunerada e volunt\u00e1ria<\/strong><\/p>\n<p>2022\/1: <a href=\"https:\/\/drive.google.com\/drive\/folders\/18ydagxNAOaEMRR4tIzeMjuzBxeEb-HQH?usp=drive_link\" target=\"_blank\" rel=\"noopener\">clique aqui<\/a><\/p>\n<p>2022\/2: <a href=\"https:\/\/drive.google.com\/drive\/folders\/1onlQ8BQYmGiVk-W-gZkpyqTro1QPJ0Zj?usp=drive_link\" target=\"_blank\" rel=\"noopener\">clique aqui<\/a><\/p>\n<p>2024\/1: <a href=\"https:\/\/facet.ufvjm.edu.br\/wp-content\/uploads\/editais%20de%20monitoria\/sistemas\/Edital2024-1.pdf?_t=1710874275\" target=\"_blank\" rel=\"noopener\">clique aqui<\/a><\/p>\n<p>2025\/1: <a href=\"https:\/\/facet.ufvjm.edu.br\/wp-content\/uploads\/Editais\/Monitorias\/EDITAL_MONITORIA_2025_Quimica_assinado.pdf?_t=1741793039\" target=\"_blank\" rel=\"noopener\">clique aqui<\/a><\/p>\n<hr class=\"wp-block-separator has-alpha-channel-opacity\" \/>\n<p><span style=\"font-weight: 400;\"><strong>Edital de elei\u00e7\u00e3o para membro do colegiado <\/strong><\/span><\/p>\n<p><span style=\"font-weight: 400;\">Elei\u00e7\u00e3o para membro docente externo do colegiado do curso de licenciatura em qu\u00edmica (<\/span><a href=\"https:\/\/facet.ufvjm.edu.br\/wp-content\/uploads\/eleicao%20do%20colegiado\/SEI_1401332_Edital_3.pdf?_t=1713993081\" target=\"_blank\" rel=\"noopener\">Edital n\u00b0 03 DEQUI\/FACET\/2024<\/a>)<\/p>\n<hr class=\"wp-block-separator has-alpha-channel-opacity\" \/>\n<p><strong>Edital para sele\u00e7\u00e3o de bolsistas<\/strong><\/p>\n<p>Processo seletivo para atua\u00e7\u00e3o no programa PET-Qu\u00edmica (<a href=\"https:\/\/drive.google.com\/file\/d\/18fHOLRbiQt9MUjOTSoR5PjqnU5Fd2iFb\/view?pli=1\">Edital n\u00b0 02\/2024<\/a>)<\/p>\n<p>\u00a0<\/p>\n<p><!-- \/wp:paragraph --><!-- wp:paragraph --><\/p>\n<p><\/div><\/p>\n<p><span class=\"collapseomatic \" id=\"id69dedd3ac47e5\"  tabindex=\"0\" title=\"&lt;strong&gt;Divis\u00e3o or\u00e7ament\u00e1ria anual&lt;\/strong&gt;\"    ><strong>Divis\u00e3o or\u00e7ament\u00e1ria anual<\/strong><\/span><div id=\"target-id69dedd3ac47e5\" class=\"collapseomatic_content \"><\/p>\n<p><iframe style=\"width: 100%; height: 320px; border: 0;\" src=\"https:\/\/drive.google.com\/embeddedfolderview?id=1Jfe_OVoxgRZufuHo5UD2SUedkjWEJSM8#list\"><\/iframe><\/p>\n<!-- wp:paragraph -->\n<p><\/div><\/p>\n<p><span class=\"collapseomatic \" id=\"id69dedd3ac48eb\"  tabindex=\"0\" title=\"&lt;strong&gt;Encargos dos docentes&lt;\/strong&gt;\"    ><strong>Encargos dos docentes<\/strong><\/span><div id=\"target-id69dedd3ac48eb\" class=\"collapseomatic_content \"><\/p>\n<p><iframe style=\"width: 100%; height: 320px; border: 0;\" src=\"https:\/\/drive.google.com\/embeddedfolderview?id=1Lw40DxvUM53zzQCCqWNHwUdMkr-BK-Sx#list\"><\/iframe><\/p>\n<!-- wp:paragraph -->\n<p><\/div><\/p>\n<p class=\"justify\"><span class=\"collapseomatic \" id=\"id69dedd3ac49a5\"  tabindex=\"0\" title=\"&lt;b&gt;Portarias&lt;\/b&gt;\"    ><b>Portarias<\/b><\/span><div id=\"target-id69dedd3ac49a5\" class=\"collapseomatic_content \"><\/p>\n<p><!-- \/wp:paragraph --><!-- wp:paragraph --><\/p>\n<p class=\"justify\">Ano: 2023<\/p>\n<p><!-- \/wp:paragraph --><!-- wp:paragraph --><\/p>\n<p>N\u00famero do processo SEI: <strong>23086.007231\/2023-41<\/strong>.<\/p>\n<p><!-- \/wp:paragraph --><!-- wp:paragraph --><\/p>\n<p><!-- \/wp:paragraph --><!-- wp:paragraph --><\/p>\n<p><!-- \/wp:paragraph --><!-- wp:separator --><\/p>\n<p><!-- \/wp:paragraph --><!-- wp:paragraph --><\/p>\n<hr class=\"wp-block-separator has-alpha-channel-opacity\" \/>\n<p class=\"justify\">Ano: 2024<\/p>\n<p><!-- \/wp:paragraph --><!-- wp:paragraph --><\/p>\n<p>N\u00famero do processo SEI: <strong>23086.000940\/2024-87.<\/strong><\/p>\n<hr class=\"wp-block-separator has-alpha-channel-opacity\" \/>\n<p class=\"justify\">Ano: 2025<\/p>\n<p><!-- \/wp:paragraph --><!-- wp:paragraph --><\/p>\n<p>N\u00famero do processo SEI: <strong>23086.035628\/2025-95.<\/strong><\/p>\n<p>\u00a0<\/p>\n<p><\/div><\/p>\n<p><!-- \/wp:paragraph --><\/p>\n<p><span class=\"collapseomatic \" id=\"id69dedd3ac4a76\"  tabindex=\"0\" title=\"&lt;strong&gt;Relat\u00f3rios anuais de presta\u00e7\u00e3o de contas&lt;\/strong&gt;\"    ><strong>Relat\u00f3rios anuais de presta\u00e7\u00e3o de contas<\/strong><\/span><div id=\"target-id69dedd3ac4a76\" class=\"collapseomatic_content \"><\/p>\n<p><iframe style=\"width: 100%; height: 320px; border: 0;\" src=\"https:\/\/drive.google.com\/embeddedfolderview?id=1CIOfZOLdVbvnuIDeuMTYgCA8ZxApGeXr#list\"><\/iframe><\/p>\n<p><\/div><\/p>\n<p><!-- wp:paragraph --><\/p>\n<p><span class=\"collapseomatic \" id=\"id69dedd3ac4b2c\"  tabindex=\"0\" title=\"&lt;strong&gt;Relat\u00f3rios de atividades e planejamento de atividades&lt;\/strong&gt;\"    ><strong>Relat\u00f3rios de atividades e planejamento de atividades<\/strong><\/span><div id=\"target-id69dedd3ac4b2c\" class=\"collapseomatic_content \"><\/p>\n<p><iframe style=\"width: 100%; height: 320px; border: 0;\" src=\"https:\/\/drive.google.com\/embeddedfolderview?id=1uZxt8bTMWfgzhExjzUdBn326RvtnHxy2#list\"><\/iframe><\/p>\n<p><\/div><\/p>\n<p><!-- wp:paragraph --><\/p>\n<p class=\"justify\"><span class=\"collapseomatic \" id=\"id69dedd3ac4bfe\"  tabindex=\"0\" title=\"&lt;b&gt;Resolu\u00e7\u00f5es&lt;\/b&gt;\"    ><b>Resolu\u00e7\u00f5es<\/b><\/span><div id=\"target-id69dedd3ac4bfe\" class=\"collapseomatic_content \"><\/p>\n<p><!-- \/wp:paragraph --><!-- wp:paragraph --><\/p>\n<p>RESOLU\u00c7\u00c3O FACET N\u00ba 01, DE 19 DE NOVEMBRO DE 2019: Regimento Interno da Congrega\u00e7\u00e3o da FACET &#8211; <a class=\"ek-link\" href=\"https:\/\/facet.ufvjm.edu.br\/wp-content\/uploads\/Resolucoes\/congregacao\/resolucao-FACET01-2019-regimento_interno_congregacao_facet.pdf\" target=\"_blank\" rel=\"noreferrer noopener\" aria-label=\"Acessar (opens in a new tab)\">Acessar<\/a><\/p>\n<p><!-- wp:paragraph --><\/p>\n<p>RESOLU\u00c7\u00c3O FACET N\u00ba 01, DE 17 DE MAR\u00c7O DE 2022: Est\u00e1gios DECOM &#8211; <a class=\"ek-link\" href=\"https:\/\/facet.ufvjm.edu.br\/wp-content\/uploads\/Resolucoes\/facet\/resolucao-FACET01-2022_Estagios-DECOM.pdf\" target=\"_blank\" rel=\"noreferrer noopener\" aria-label=\" (opens in a new tab)\">Acessar<\/a><\/p>\n<p><!-- \/wp:paragraph --><!-- wp:paragraph --><\/p>\n<p>RESOLU\u00c7\u00c3O FACET N\u00ba 02, DE 17 DE MAR\u00c7O DE 2022: Trabalhos de Conclus\u00e3o de Curso DECOM &#8211; <a class=\"ek-link\" href=\"https:\/\/facet.ufvjm.edu.br\/wp-content\/uploads\/Resolucoes\/facet\/resolucao-FACET02-2022_TCC-DECOM.pdf\" target=\"_blank\" rel=\"noreferrer noopener\" aria-label=\"Acessar (opens in a new tab)\">Acessar<\/a><\/p>\n<p><!-- \/wp:paragraph --><!-- wp:paragraph --><\/p>\n<p>RESOLU\u00c7\u00c3O FACET N\u00ba 03, DE 17 DE MAR\u00c7O DE 2022: Atividades Complementares &#8211; <a class=\"ek-link\" href=\"https:\/\/facet.ufvjm.edu.br\/wp-content\/uploads\/Resolucoes\/facet\/resolucao-FACET03-2022_atividades%20Complementares-%20DECOM.pdf?_t=1684515339\" target=\"_blank\" rel=\"noreferrer noopener\" aria-label=\"Acessar (opens in a new tab)\">Acessar<\/a><\/p>\n<p><!-- \/wp:paragraph --><\/p>\n<p>\u00a0<\/p>\n<p><!-- \/wp:paragraph --><!-- wp:paragraph --><\/p>\n<p><!-- \/wp:paragraph --><!-- wp:paragraph --><\/p>\n<p><!-- \/wp:paragraph --><!-- wp:separator --><\/p>\n<p><!-- \/wp:paragraph --><!-- wp:paragraph --><\/p>\n<p><\/div><\/p>\t\t\t\t\t\t<\/div>\n\t\t\t\t<\/div>\n\t\t\t\t\t<\/div>\n\t\t\t\t<\/div>\n\t\t\t\t\t\t\t<\/div>\n\t\t","protected":false},"excerpt":{"rendered":"<p>Arquivos e documentos relativos aos cursos da Faculdade de Ci\u00eancias Exatas. \u00a0<\/p>\n","protected":false},"author":1,"featured_media":0,"parent":130,"menu_order":0,"comment_status":"closed","ping_status":"closed","template":"","meta":{"_editorskit_title_hidden":false,"_editorskit_reading_time":1,"_editorskit_is_block_options_detached":false,"_editorskit_block_options_position":"{}","_exactmetrics_skip_tracking":false,"_exactmetrics_sitenote_active":false,"_exactmetrics_sitenote_note":"","_exactmetrics_sitenote_category":0,"footnotes":""},"_links":{"self":[{"href":"https:\/\/facet.ufvjm.edu.br\/index.php?rest_route=\/wp\/v2\/pages\/73"}],"collection":[{"href":"https:\/\/facet.ufvjm.edu.br\/index.php?rest_route=\/wp\/v2\/pages"}],"about":[{"href":"https:\/\/facet.ufvjm.edu.br\/index.php?rest_route=\/wp\/v2\/types\/page"}],"author":[{"embeddable":true,"href":"https:\/\/facet.ufvjm.edu.br\/index.php?rest_route=\/wp\/v2\/users\/1"}],"replies":[{"embeddable":true,"href":"https:\/\/facet.ufvjm.edu.br\/index.php?rest_route=%2Fwp%2Fv2%2Fcomments&post=73"}],"version-history":[{"count":155,"href":"https:\/\/facet.ufvjm.edu.br\/index.php?rest_route=\/wp\/v2\/pages\/73\/revisions"}],"predecessor-version":[{"id":6416,"href":"https:\/\/facet.ufvjm.edu.br\/index.php?rest_route=\/wp\/v2\/pages\/73\/revisions\/6416"}],"up":[{"embeddable":true,"href":"https:\/\/facet.ufvjm.edu.br\/index.php?rest_route=\/wp\/v2\/pages\/130"}],"wp:attachment":[{"href":"https:\/\/facet.ufvjm.edu.br\/index.php?rest_route=%2Fwp%2Fv2%2Fmedia&parent=73"}],"curies":[{"name":"wp","href":"https:\/\/api.w.org\/{rel}","templated":true}]}}