{"id":5586,"date":"2023-11-16T17:53:45","date_gmt":"2023-11-16T20:53:45","guid":{"rendered":"https:\/\/facet.ufvjm.edu.br\/?page_id=5586"},"modified":"2023-11-16T18:01:33","modified_gmt":"2023-11-16T21:01:33","slug":"byte-builders","status":"publish","type":"page","link":"https:\/\/facet.ufvjm.edu.br\/?page_id=5586","title":{"rendered":"ByteBuilders"},"content":{"rendered":"\n<figure class=\"wp-block-image size-large\"><img fetchpriority=\"high\" decoding=\"async\" width=\"1024\" height=\"173\" src=\"https:\/\/facet.ufvjm.edu.br\/wp-content\/uploads\/2023\/11\/liga-1024x173.png\" alt=\"\" class=\"wp-image-5662\" srcset=\"https:\/\/facet.ufvjm.edu.br\/wp-content\/uploads\/2023\/11\/liga-1024x173.png 1024w, https:\/\/facet.ufvjm.edu.br\/wp-content\/uploads\/2023\/11\/liga-300x51.png 300w, https:\/\/facet.ufvjm.edu.br\/wp-content\/uploads\/2023\/11\/liga-768x130.png 768w, https:\/\/facet.ufvjm.edu.br\/wp-content\/uploads\/2023\/11\/liga.png 1034w\" sizes=\"(max-width: 1024px) 100vw, 1024px\" \/><\/figure>\n\n\n\n<p class=\"has-text-align-justify\">A ByteBuilders foi fundada com m\u00faltiplos objetivos e emerge como um catalisador fundamental para o enriquecimento do curso de Sistemas de Informa\u00e7\u00e3o.<\/p>\n\n\n\n<p class=\"has-text-align-justify\">Seus objetivos prim\u00e1rios abrangem a expans\u00e3o da grade curricular por meio da execu\u00e7\u00e3o de projetos que n\u00e3o apenas aprimoram, mas tamb\u00e9m cultivam habilidades pr\u00e1ticas essenciais para os estudantes. Al\u00e9m disso, a ByteBuilders visa fortalecer os la\u00e7os entre a academia e o din\u00e2mico mercado de tecnologia.<\/p>\n\n\n\n<p class=\"has-text-align-justify\">Em seu escopo amplo, a iniciativa engloba a realiza\u00e7\u00e3o de eventos tanto internos quanto externos, proporcionando um ambiente prop\u00edcio para a troca de conhecimentos e experi\u00eancias entre alunos, professores e profissionais da \u00e1rea. Essa intera\u00e7\u00e3o ativa com o meio externo n\u00e3o apenas enriquece o aprendizado dos participantes, mas tamb\u00e9m estabelece uma ponte crucial entre o ambiente acad\u00eamico e as demandas pr\u00e1ticas do setor.<\/p>\n\n\n\n<p class=\"has-text-align-justify\">Al\u00e9m disso, a ByteBuilders atua como um espa\u00e7o inclusivo, abrindo suas portas para a participa\u00e7\u00e3o n\u00e3o apenas dos membros da comunidade da UFVJM, mas tamb\u00e9m acolhendo colaboradores externos, professores e alunos provenientes de diversos cursos da institui\u00e7\u00e3o. Essa abordagem interdisciplinar n\u00e3o apenas promove a diversidade de perspectivas, mas tamb\u00e9m fomenta a forma\u00e7\u00e3o de uma rede colaborativa aberta, enriquecendo o ambiente de aprendizado.<\/p>\n\n\n\n<p class=\"has-text-align-justify\">Por fim, a iniciativa busca estimular a autonomia estudantil, encorajando os participantes a assumirem pap\u00e9is ativos em seus projetos, desenvolvendo assim habilidades de lideran\u00e7a, resolu\u00e7\u00e3o de problemas e trabalho em equipe. Em s\u00edntese, a ByteBuilders transcende as fronteiras tradicionais da educa\u00e7\u00e3o, moldando-se como um catalisador din\u00e2mico para a forma\u00e7\u00e3o integral dos estudantes e a aproxima\u00e7\u00e3o efetiva entre a academia e as demandas do mercado de tecnologia. Para ficar por dentro de tudo que acontece na liga, n\u00e3o se esque\u00e7a de seguir o Instagram: <a href=\"https:\/\/www.instagram.com\/bytebuilders.ufvjm\/\" target=\"_blank\" aria-label=\"https:\/\/www.instagram.com\/bytebuilders.ufvjm\/ (opens in a new tab)\" rel=\"noreferrer noopener\" class=\"ek-link\">https:\/\/www.instagram.com\/bytebuilders.ufvjm\/<\/a>.<\/p>\n","protected":false},"excerpt":{"rendered":"<p>A ByteBuilders foi fundada com m\u00faltiplos objetivos e emerge como um catalisador fundamental para o enriquecimento do curso de Sistemas de Informa\u00e7\u00e3o. Seus objetivos prim\u00e1rios abrangem a expans\u00e3o da grade curricular por meio da execu\u00e7\u00e3o de projetos que n\u00e3o apenas aprimoram, mas tamb\u00e9m cultivam habilidades pr\u00e1ticas essenciais para os estudantes. Al\u00e9m disso, a ByteBuilders visa [&hellip;]<\/p>\n","protected":false},"author":1,"featured_media":0,"parent":0,"menu_order":0,"comment_status":"closed","ping_status":"closed","template":"","meta":{"_editorskit_title_hidden":false,"_editorskit_reading_time":0,"_editorskit_is_block_options_detached":false,"_editorskit_block_options_position":"{}","_exactmetrics_skip_tracking":false,"_exactmetrics_sitenote_active":false,"_exactmetrics_sitenote_note":"","_exactmetrics_sitenote_category":0,"footnotes":""},"_links":{"self":[{"href":"https:\/\/facet.ufvjm.edu.br\/index.php?rest_route=\/wp\/v2\/pages\/5586"}],"collection":[{"href":"https:\/\/facet.ufvjm.edu.br\/index.php?rest_route=\/wp\/v2\/pages"}],"about":[{"href":"https:\/\/facet.ufvjm.edu.br\/index.php?rest_route=\/wp\/v2\/types\/page"}],"author":[{"embeddable":true,"href":"https:\/\/facet.ufvjm.edu.br\/index.php?rest_route=\/wp\/v2\/users\/1"}],"replies":[{"embeddable":true,"href":"https:\/\/facet.ufvjm.edu.br\/index.php?rest_route=%2Fwp%2Fv2%2Fcomments&post=5586"}],"version-history":[{"count":7,"href":"https:\/\/facet.ufvjm.edu.br\/index.php?rest_route=\/wp\/v2\/pages\/5586\/revisions"}],"predecessor-version":[{"id":5668,"href":"https:\/\/facet.ufvjm.edu.br\/index.php?rest_route=\/wp\/v2\/pages\/5586\/revisions\/5668"}],"wp:attachment":[{"href":"https:\/\/facet.ufvjm.edu.br\/index.php?rest_route=%2Fwp%2Fv2%2Fmedia&parent=5586"}],"curies":[{"name":"wp","href":"https:\/\/api.w.org\/{rel}","templated":true}]}}