{"id":4773,"date":"2022-07-26T12:16:41","date_gmt":"2022-07-26T15:16:41","guid":{"rendered":"https:\/\/localhost\/facet\/?page_id=4773"},"modified":"2022-10-03T14:10:00","modified_gmt":"2022-10-03T17:10:00","slug":"departamentos","status":"publish","type":"page","link":"https:\/\/facet.ufvjm.edu.br\/?page_id=4773","title":{"rendered":"Departamentos"},"content":{"rendered":"\n<p>Departamentos da Faculdade de Ci\u00eancias Exatas da UFVJM.<\/p>\n\n\n\n<div class=\"overflow-wrapper\">\n\n<div id=\"feature_card-1\" class=\"col-sm-12 col-md-6 col-lg-4 mb-4 widget_feature_card\">\n  <div class=\"text-center card-1\">\n    <div class=\"align\">\n      <a href=\"http:\/\/www.decom.ufvjm.edu.br\/dc2020\/\" target=\"_blank\" style=\"text-decoration: none;\" rel=\"noopener\">\n        <figure><img decoding=\"async\" src=\"\/\/facet.ufvjm.edu.br\/files\/img-site\/sistemasdeinformacao.svg\" width=\"115px\"><\/figure>\n        <h3 class=\"card-title\">DECOM<\/h3>\n        <p>Departamento de Computa\u00e7\u00e3o<\/p>\n      <\/a>\n    <\/div>\n  <\/div>\n<\/div>\n\n<div id=\"feature_card-2\" class=\"col-sm-12 col-md-6 col-lg-4 mb-4 widget_feature_card\">\n  <div class=\"text-center card-2\">\n    <div class=\"align\">\n      <a href=\"http:\/\/www.ufvjm.edu.br\/unidades-academicas\/facet\/dme.html\" target=\"_blank\" style=\"text-decoration: none;\" rel=\"noopener\">\n        <figure class=\"p-3\"><img decoding=\"async\" src=\"\/\/facet.ufvjm.edu.br\/files\/img-site\/dep-matematica.svg\" width=\"82px\"><\/figure>\n        <h3 class=\"card-title\">DME<\/h3>\n        <p>Departamento de Matem\u00e1tica e Estat\u00edstica<\/p>\n      <\/a>\n    <\/div>\n  <\/div>\n<\/div>\n\n<div id=\"feature_card-2\" class=\"col-sm-12 col-md-6 col-lg-4 mb-4 widget_feature_card\">\n  <div class=\"text-center card-3\">\n    <div class=\"align\">\n      <a href=\"http:\/\/site.ufvjm.edu.br\/dequi\/dequi\/\" target=\"_blank\" style=\"text-decoration: none;\" rel=\"noopener\">\n        <figure class=\"p-3\"><img decoding=\"async\" src=\"\/\/facet.ufvjm.edu.br\/arquivos\/images_site\/microscope.svg\" width=\"72px\"><\/figure>\n        <h3 class=\"card-title\">DEQUI<\/h3>\n        <p>Departamento de Qu\u00edmica<\/p>\n      <\/a>\n    <\/div>\n  <\/div>\n<\/div>\n<\/div>\n","protected":false},"excerpt":{"rendered":"<p>Departamentos da Faculdade de Ci\u00eancias Exatas da UFVJM. DECOM Departamento de Computa\u00e7\u00e3o DME Departamento de Matem\u00e1tica e Estat\u00edstica DEQUI Departamento de Qu\u00edmica<\/p>\n","protected":false},"author":1,"featured_media":0,"parent":0,"menu_order":0,"comment_status":"closed","ping_status":"closed","template":"page-info.php","meta":{"_editorskit_title_hidden":false,"_editorskit_reading_time":1,"_editorskit_is_block_options_detached":false,"_editorskit_block_options_position":"{}","_exactmetrics_skip_tracking":false,"_exactmetrics_sitenote_active":false,"_exactmetrics_sitenote_note":"","_exactmetrics_sitenote_category":0,"footnotes":""},"_links":{"self":[{"href":"https:\/\/facet.ufvjm.edu.br\/index.php?rest_route=\/wp\/v2\/pages\/4773"}],"collection":[{"href":"https:\/\/facet.ufvjm.edu.br\/index.php?rest_route=\/wp\/v2\/pages"}],"about":[{"href":"https:\/\/facet.ufvjm.edu.br\/index.php?rest_route=\/wp\/v2\/types\/page"}],"author":[{"embeddable":true,"href":"https:\/\/facet.ufvjm.edu.br\/index.php?rest_route=\/wp\/v2\/users\/1"}],"replies":[{"embeddable":true,"href":"https:\/\/facet.ufvjm.edu.br\/index.php?rest_route=%2Fwp%2Fv2%2Fcomments&post=4773"}],"version-history":[{"count":19,"href":"https:\/\/facet.ufvjm.edu.br\/index.php?rest_route=\/wp\/v2\/pages\/4773\/revisions"}],"predecessor-version":[{"id":4973,"href":"https:\/\/facet.ufvjm.edu.br\/index.php?rest_route=\/wp\/v2\/pages\/4773\/revisions\/4973"}],"wp:attachment":[{"href":"https:\/\/facet.ufvjm.edu.br\/index.php?rest_route=%2Fwp%2Fv2%2Fmedia&parent=4773"}],"curies":[{"name":"wp","href":"https:\/\/api.w.org\/{rel}","templated":true}]}}