{"id":467,"date":"2019-07-31T23:06:54","date_gmt":"2019-08-01T02:06:54","guid":{"rendered":"http:\/\/www4.ict.ufvjm.edu.br\/?page_id=467"},"modified":"2025-06-24T17:35:32","modified_gmt":"2025-06-24T20:35:32","slug":"contato","status":"publish","type":"page","link":"https:\/\/facet.ufvjm.edu.br\/?page_id=467","title":{"rendered":"Contato"},"content":{"rendered":"\n<i class=\"fas fa fa-map-marker\"><\/i>   <strong>Endere\u00e7o:<\/strong> Pr\u00e9dio 1 da FACET (Antigo Bloco 4), Campus JK &#8211; Rodovia MGT 367 \u2013 Km 583, n\u00ba 5000,\u00a0Alto da Jacuba<br>Diamantina\/MG, CEP 39100-000<\/p>\n\n\n\n<i class=\"fas fa fa-phone-square-alt\"><\/i>  <strong>Telefone<\/strong>: +55 (38) 3532-1200 \/ 1222      &#8211;       Ramal: 6820<\/p>\n\n\n\n<p><\/p>\n\n\n\n<i class=\"fas fa fa-at\"><\/i>  <strong>E-mai<\/strong>l <strong>da Dire\u00e7\u00e3o<\/strong>: <a href=\"mailto:%20dir.facet@ufvjm.edu.br\" class=\"ek-link\">dir.facet@ufvjm.edu.br<\/a><\/p>\n\n\n\n<div style=\"height:34px\" aria-hidden=\"true\" class=\"wp-block-spacer\"><\/div>\n\n\n\n<h1 class=\"wp-block-heading\">Secretaria<\/h1>\n\n\n\n<p><\/p>\n\n\n\n<i class=\"fas fa fa-at\"><\/i> <strong>E-mai<\/strong>l: <a href=\"sec.facet@ufvjm.edu.br\" class=\"ek-link\">sec.facet@ufvjm.edu.br<\/a><\/p>\n\n\n\n<i class=\"fas fa fa-hourglass-half\"><\/i>  <strong>Hor\u00e1rio de Funcionamento<\/strong>: Segunda a sexta das 8hrs \u00e0s 12hrs e das 13hrs \u00e0s 19hrs<\/p>\n\n\n\n<iframe src=\"https:\/\/www.google.com\/maps\/embed?pb=!1m18!1m12!1m3!1d473.76897328630355!2d-43.576541278761184!3d-18.202947351590854!2m3!1f0!2f0!3f0!3m2!1i1024!2i768!4f13.1!3m3!1m2!1s0x0%3A0x6021666cee42aec9!2zMTjCsDEyJzEwLjYiUyA0M8KwMzQnMzUuNSJX!5e0!3m2!1spt-BR!2sbr!4v1657644382826!5m2!1spt-BR!2sbr\" width=\"600\" height=\"450\" style=\"border:0;\" allowfullscreen=\"\" loading=\"lazy\" referrerpolicy=\"no-referrer-when-downgrade\"><\/iframe>\n","protected":false},"excerpt":{"rendered":"<p>Endere\u00e7o: Pr\u00e9dio 1 da FACET (Antigo Bloco 4), Campus JK &#8211; Rodovia MGT 367 \u2013 Km 583, n\u00ba 5000,\u00a0Alto da JacubaDiamantina\/MG, CEP 39100-000 Telefone: +55 (38) 3532-1200 \/ 1222 &#8211; Ramal: 6820 E-mail da Dire\u00e7\u00e3o: dir.facet@ufvjm.edu.br Secretaria E-mail: sec.facet@ufvjm.edu.br Hor\u00e1rio de Funcionamento: Segunda a sexta das 8hrs \u00e0s 12hrs e das 13hrs \u00e0s 19hrs<\/p>\n","protected":false},"author":1,"featured_media":0,"parent":318,"menu_order":0,"comment_status":"closed","ping_status":"closed","template":"","meta":{"_editorskit_title_hidden":false,"_editorskit_reading_time":1,"_editorskit_is_block_options_detached":false,"_editorskit_block_options_position":"{}","_exactmetrics_skip_tracking":false,"_exactmetrics_sitenote_active":false,"_exactmetrics_sitenote_note":"","_exactmetrics_sitenote_category":0,"footnotes":""},"_links":{"self":[{"href":"https:\/\/facet.ufvjm.edu.br\/index.php?rest_route=\/wp\/v2\/pages\/467"}],"collection":[{"href":"https:\/\/facet.ufvjm.edu.br\/index.php?rest_route=\/wp\/v2\/pages"}],"about":[{"href":"https:\/\/facet.ufvjm.edu.br\/index.php?rest_route=\/wp\/v2\/types\/page"}],"author":[{"embeddable":true,"href":"https:\/\/facet.ufvjm.edu.br\/index.php?rest_route=\/wp\/v2\/users\/1"}],"replies":[{"embeddable":true,"href":"https:\/\/facet.ufvjm.edu.br\/index.php?rest_route=%2Fwp%2Fv2%2Fcomments&post=467"}],"version-history":[{"count":48,"href":"https:\/\/facet.ufvjm.edu.br\/index.php?rest_route=\/wp\/v2\/pages\/467\/revisions"}],"predecessor-version":[{"id":6482,"href":"https:\/\/facet.ufvjm.edu.br\/index.php?rest_route=\/wp\/v2\/pages\/467\/revisions\/6482"}],"up":[{"embeddable":true,"href":"https:\/\/facet.ufvjm.edu.br\/index.php?rest_route=\/wp\/v2\/pages\/318"}],"wp:attachment":[{"href":"https:\/\/facet.ufvjm.edu.br\/index.php?rest_route=%2Fwp%2Fv2%2Fmedia&parent=467"}],"curies":[{"name":"wp","href":"https:\/\/api.w.org\/{rel}","templated":true}]}}