{"id":328,"date":"2019-07-31T18:03:43","date_gmt":"2019-07-31T20:03:43","guid":{"rendered":"http:\/\/www4.ict.ufvjm.edu.br\/?page_id=328"},"modified":"2026-04-13T17:20:07","modified_gmt":"2026-04-13T20:20:07","slug":"editais","status":"publish","type":"page","link":"https:\/\/facet.ufvjm.edu.br\/?page_id=328","title":{"rendered":"Editais da Unidade Acad\u00eamica"},"content":{"rendered":"\n<div align=\"right\">\n<span class=\"expandall\"><b>Expandir todos<\/b><\/span>\u2003\u2003\n<span class=\"collapseall\"><b>Recolher todos<\/b><\/span>\n<\/div>\n\n\n\n<p class=\"justify\"> <span class=\"collapseomatic \" id=\"id69dedd395a049\"  tabindex=\"0\" title=\"&lt;strong&gt;Editais de Elei\u00e7\u00e3o da Nova Dire\u00e7\u00e3o da FACET&lt;\/strong&gt;\"    ><strong>Editais de Elei\u00e7\u00e3o da Nova Dire\u00e7\u00e3o da FACET<\/strong><\/span><div id=\"target-id69dedd395a049\" class=\"collapseomatic_content \">\n\n\n\n<p><a href=\"https:\/\/facet.ufvjm.edu.br\/wp-content\/uploads\/2026\/04\/SEI_2077243_Edital_04_2026_FACET.pdf\" class=\"ek-link\">EDITAL N\u00b0 04\/2026<\/a> &#8211; FACET &#8211; Processo Eleitoral para Dire\u00e7\u00e3o da FACET<\/p>\n\n\n\n<p><a href=\"https:\/\/facet.ufvjm.edu.br\/wp-content\/uploads\/2026\/04\/Ficha-de-Inscric\u0327a\u0303o.pdf\" class=\"ek-link\">FICHA DE INSCRI\u00c7\u00c3O<\/a> &#8211; Processo Eleitoral para Dire\u00e7\u00e3o da FACET<\/p>\n\n\n\n<\/div>\n\n\n\n<p class=\"justify\"><span class=\"collapseomatic \" id=\"id69dedd395a186\"  tabindex=\"0\" title=\"&lt;strong&gt;Editais de Monitoria Remunerada e Volunt\u00e1ria&lt;\/strong&gt;\"    ><strong>Editais de Monitoria Remunerada e Volunt\u00e1ria<\/strong><\/span><div id=\"target-id69dedd395a186\" class=\"collapseomatic_content \">   <\/p>\n\n\n\n<p><a href=\"https:\/\/www.facet.ufvjm.edu.br\/wp-content\/uploads\/Editais\/Monitorias\/Edital_Padrao_Monitoria_Remunerada_e_Voluntaria_2022.pdf\" target=\"_blank\" aria-label=\" (opens in a new tab)\" rel=\"noreferrer noopener\" class=\"ek-link\">EDITAL N\u00ba 02\/2022<\/a> &#8211; FACET\/DME &#8211; Programa de Monitoria Remunerada e Volunt\u00e1ria 2021\/2<\/p>\n\n\n\n<p class=\"justify\"><a href=\"https:\/\/www.facet.ufvjm.edu.br\/wp-content\/uploads\/Editais\/Monitorias\/Edital_Padrao_Monitoria_Remunerada_e_Voluntaria_2022.1.pdf\" target=\"_blank\" aria-label=\" (opens in a new tab)\" rel=\"noreferrer noopener\" class=\"ek-link\">EDITAL N\u00ba 03\/2022<\/a> &#8211; DEQUI &#8211; Programa de Monitoria Remunerada e Volunt\u00e1ria 2022\/1<\/p>\n\n\n\n<p><a aria-label=\" (opens in a new tab)\" href=\"https:\/\/www.facet.ufvjm.edu.br\/wp-content\/uploads\/Editais\/Monitorias\/Edital_Padrao_Monitoria_Remunerada_e_Voluntaria_2022_1.pdf\" target=\"_blank\" rel=\"noreferrer noopener\" class=\"ek-link\">EDITAL N\u00ba 04\/2022<\/a> &#8211; FACET\/DECOM &#8211; Programa de Monitoria Remunerada e Volunt\u00e1ria 2022\/1<\/p>\n\n\n\n<p> <\/div>  <\/p>\n\n\n\n<hr class=\"wp-block-separator has-css-opacity\"\/>\n\n\n\n<p class=\"justify\"><\/p>\n\n\n\n<p class=\"justify\"> <span class=\"collapseomatic \" id=\"id69dedd395a2a1\"  tabindex=\"0\" title=\"&lt;strong&gt;Editais de Representa\u00e7\u00e3o Docente em Conselhos e Comiss\u00f5es&lt;\/strong&gt;\"    ><strong>Editais de Representa\u00e7\u00e3o Docente em Conselhos e Comiss\u00f5es<\/strong><\/span><div id=\"target-id69dedd395a2a1\" class=\"collapseomatic_content \">   <\/p>\n\n\n\n<p><\/p>\n\n\n\n<p> <\/div>\n\n\n\n<p class=\"has-vivid-cyan-blue-color has-text-color\"><br><\/p>\n","protected":false},"excerpt":{"rendered":"<p>Expandir todos\u2003\u2003 Recolher todos<\/p>\n","protected":false},"author":1,"featured_media":0,"parent":318,"menu_order":0,"comment_status":"closed","ping_status":"closed","template":"","meta":{"_editorskit_title_hidden":false,"_editorskit_reading_time":1,"_editorskit_is_block_options_detached":false,"_editorskit_block_options_position":"{}","_exactmetrics_skip_tracking":false,"_exactmetrics_sitenote_active":false,"_exactmetrics_sitenote_note":"","_exactmetrics_sitenote_category":0,"footnotes":""},"_links":{"self":[{"href":"https:\/\/facet.ufvjm.edu.br\/index.php?rest_route=\/wp\/v2\/pages\/328"}],"collection":[{"href":"https:\/\/facet.ufvjm.edu.br\/index.php?rest_route=\/wp\/v2\/pages"}],"about":[{"href":"https:\/\/facet.ufvjm.edu.br\/index.php?rest_route=\/wp\/v2\/types\/page"}],"author":[{"embeddable":true,"href":"https:\/\/facet.ufvjm.edu.br\/index.php?rest_route=\/wp\/v2\/users\/1"}],"replies":[{"embeddable":true,"href":"https:\/\/facet.ufvjm.edu.br\/index.php?rest_route=%2Fwp%2Fv2%2Fcomments&post=328"}],"version-history":[{"count":196,"href":"https:\/\/facet.ufvjm.edu.br\/index.php?rest_route=\/wp\/v2\/pages\/328\/revisions"}],"predecessor-version":[{"id":6504,"href":"https:\/\/facet.ufvjm.edu.br\/index.php?rest_route=\/wp\/v2\/pages\/328\/revisions\/6504"}],"up":[{"embeddable":true,"href":"https:\/\/facet.ufvjm.edu.br\/index.php?rest_route=\/wp\/v2\/pages\/318"}],"wp:attachment":[{"href":"https:\/\/facet.ufvjm.edu.br\/index.php?rest_route=%2Fwp%2Fv2%2Fmedia&parent=328"}],"curies":[{"name":"wp","href":"https:\/\/api.w.org\/{rel}","templated":true}]}}