{"id":324,"date":"2019-07-31T18:03:09","date_gmt":"2019-07-31T21:03:09","guid":{"rendered":"http:\/\/www4.ict.ufvjm.edu.br\/?page_id=324"},"modified":"2025-06-26T11:26:41","modified_gmt":"2025-06-26T14:26:41","slug":"coordenacoes","status":"publish","type":"page","link":"https:\/\/facet.ufvjm.edu.br\/?page_id=324","title":{"rendered":"Coordena\u00e7\u00f5es de Curso"},"content":{"rendered":"\n<h2 class=\"wp-block-heading\">Qu\u00edmica <\/h2>\n\n\n\n<p><strong>Mandato:<\/strong> A partir de 05\/04\/2024 at\u00e9 04\/04\/2026 <\/p>\n\n\n\n<div style=\"height:30px\" aria-hidden=\"true\" class=\"wp-block-spacer\"><\/div>\n\n\n\n<p><strong>Coordenador:<\/strong> <strong>Prof. Jo\u00e3o Paulo de Mesquita<\/strong><\/p>\n\n\n\n<p><strong>Ramal:<\/strong> 8303<\/p>\n\n\n\n<p><strong>Sala: <\/strong>11 &#8211; Pr\u00e9dio 2 da FACET<\/p>\n\n\n\n<p><strong>E-mail:<\/strong> <a href=\"mailto:coordquimica@ufvjm.edu.br\" class=\"ek-link\">coordquimica@ufvjm.edu.br<\/a><\/p>\n\n\n\n<div style=\"height:30px\" aria-hidden=\"true\" class=\"wp-block-spacer\"><\/div>\n\n\n\n<p><strong>Vice-Coordenadora:<\/strong> <strong>Prof.\u00aa Patr\u00edcia Machado de Oliveira<\/strong><\/p>\n\n\n\n<p><strong>Ramal: <\/strong>8299<\/p>\n\n\n\n<p><strong>Sala: <\/strong>25 &#8211; Pr\u00e9dio 2 da FACET<\/p>\n\n\n\n<p><strong>E-mail:<\/strong> &nbsp;<a href=\"mailto:coordquimica@ufvjm.edu.br\" class=\"ek-link\">coordquimica@ufvjm.edu.br<\/a><\/p>\n\n\n\n<div style=\"height:30px\" aria-hidden=\"true\" class=\"wp-block-spacer\"><\/div>\n\n\n\n<p><strong>Secret\u00e1ria<\/strong>: <strong>Suellen Alves de Sousa<\/strong><\/p>\n\n\n\n<p><strong>Ramal: <\/strong>1252<\/p>\n\n\n\n<p><strong>Sala: <\/strong>6 &#8211; Pr\u00e9dio 1 da FACET<\/p>\n\n\n\n<p><strong>E-mail:<\/strong> <a href=\"mailto:secretaria.si@ufvjm.edu.br\" class=\"ek-link\">sec.quimica@ufvjm.edu.br<\/a><\/p>\n\n\n\n<div style=\"height:30px\" aria-hidden=\"true\" class=\"wp-block-spacer\"><\/div>\n\n\n\n<h2 class=\"wp-block-heading\">Sistemas de Informa\u00e7\u00e3o<\/h2>\n\n\n\n<p><strong>Mandato: <\/strong>A partir de 12\/02\/2025 at\u00e9 11\/02\/2027<\/p>\n\n\n\n<div style=\"height:30px\" aria-hidden=\"true\" class=\"wp-block-spacer\"><\/div>\n\n\n\n<p><strong>Coordenadora:<\/strong> <strong>Prof.\u00aa Dr.\u00aa Claudia Beatriz Berti<\/strong><\/p>\n\n\n\n<p><strong>Ramal:  <\/strong>8318<\/p>\n\n\n\n<p><strong>Sala<\/strong>: 5 &#8211; Pr\u00e9dio de Sistemas de Informa\u00e7\u00e3o<\/p>\n\n\n\n<p><strong>E-mail:&nbsp;<\/strong><a href=\"mailto:coordenacaosi@ufvjm.edu.br\" class=\"ek-link\">coordenacaosi@ufvjm.edu.br<\/a><\/p>\n\n\n\n<div style=\"height:30px\" aria-hidden=\"true\" class=\"wp-block-spacer\"><\/div>\n\n\n\n<p><strong>Vice-Coordenadora:<\/strong> <strong>Prof.\u00aa Dr.\u00aa Cinthya Rocha Tameir\u00e3o<\/strong><\/p>\n\n\n\n<p><strong>Ramal:  <\/strong>8309<\/p>\n\n\n\n<p><strong>Sala<\/strong>: 6 &#8211; Pr\u00e9dio de Sistemas de Informa\u00e7\u00e3o<\/p>\n\n\n\n<p><strong>E-mail:&nbsp;<\/strong><a href=\"mailto:coordenacaosi@ufvjm.edu.br\" class=\"ek-link\">coordenacaosi@ufvjm.edu.br<\/a><\/p>\n\n\n\n<div style=\"height:30px\" aria-hidden=\"true\" class=\"wp-block-spacer\"><\/div>\n\n\n\n<p><strong>Secret\u00e1rio<\/strong>: <strong>Evandro das Merc\u00eas Amorim<\/strong><\/p>\n\n\n\n<p><strong>Ramal: <\/strong>1223<\/p>\n\n\n\n<p><strong>Sala: <\/strong>26 &#8211; Pr\u00e9dio de Sistemas de Informa\u00e7\u00e3o<\/p>\n\n\n\n<p><strong>E-mail:<\/strong> <a href=\"mailto:secretaria.si@ufvjm.edu.br\" class=\"ek-link\">secretariasi@ufvjm.edu.br<\/a><\/p>\n\n\n\n<div style=\"height:30px\" aria-hidden=\"true\" class=\"wp-block-spacer\"><\/div>\n\n\n\n<hr class=\"wp-block-separator has-alpha-channel-opacity\"\/>\n\n\n\n<h1 class=\"wp-block-heading\">Coordena\u00e7\u00f5es de Est\u00e1gio<\/h1>\n\n\n\n<div style=\"height:30px\" aria-hidden=\"true\" class=\"wp-block-spacer\"><\/div>\n\n\n\n<h2 class=\"wp-block-heading\">Qu\u00edmica<\/h2>\n\n\n\n<p><strong>Prof.\u00aa<\/strong> <strong>Patr\u00edcia Machado de Oliveira<\/strong><\/p>\n\n\n\n<p><strong>Ramal: <\/strong>8299<\/p>\n\n\n\n<p><strong>Sala:<\/strong> 25 &#8211; Pr\u00e9dio 2 da FACET<\/p>\n\n\n\n<p><strong>E-mail:<\/strong><a href=\"patricia.oliveira@ufvjm.edu.br\" class=\"ek-link\"> patricia.oliveira@ufvjm.edu.br<\/a><\/p>\n\n\n\n<div style=\"height:30px\" aria-hidden=\"true\" class=\"wp-block-spacer\"><\/div>\n\n\n\n<h2 class=\"wp-block-heading\">Sistemas de Informa\u00e7\u00e3o<\/h2>\n\n\n\n<p><strong>Prof<\/strong>. <strong>Dr. Marcelo Ferreira Rego<\/strong><\/p>\n\n\n\n<p><strong>Ramal:<\/strong> 8239<\/p>\n\n\n\n<p><strong>Sala<\/strong>: Sala 10 &#8211; Pr\u00e9dio de Sistemas<\/p>\n\n\n\n<p><strong>E-mail:<\/strong>&nbsp; <a href=\"mailto:estagios.si@ufvjm.edu.br\" class=\"ek-link\">estagios.si@ufvjm.edu.br<\/a><\/p>\n\n\n\n<div style=\"height:30px\" aria-hidden=\"true\" class=\"wp-block-spacer\"><\/div>\n\n\n\n<hr class=\"wp-block-separator has-alpha-channel-opacity\"\/>\n\n\n\n<h1 class=\"wp-block-heading\">Coordena\u00e7\u00f5es do Programa de P\u00f3s-Gradua\u00e7\u00e3o em Qu\u00edmica da UFVJM<\/h1>\n\n\n\n<p><strong>Coordenador:<\/strong> <strong>Prof. Andr\u00e9 Santiago Afonso<\/strong><\/p>\n\n\n\n<p><strong>Ramal: <\/strong>2932<\/p>\n\n\n\n<p><strong>Sala:<\/strong> 318 do ICET &#8211; Te\u00f3filo Otoni<\/p>\n\n\n\n<p><strong>E-mail:<\/strong> andre.afonso@ufvjm.edu.br<\/p>\n\n\n\n<div style=\"height:30px\" aria-hidden=\"true\" class=\"wp-block-spacer\"><\/div>\n\n\n\n<p><strong>Vice-coordenador: Prof. Manoel Jos\u00e9 Mendes Pires<\/strong><\/p>\n\n\n\n<p><strong>Ramal:<\/strong><\/p>\n\n\n\n<p><strong>Sala:<\/strong><\/p>\n\n\n\n<p><strong>E-mail: <\/strong>&nbsp;manoel.pires@ufvjm.edu.br<\/p>\n","protected":false},"excerpt":{"rendered":"<p>Qu\u00edmica Mandato: A partir de 05\/04\/2024 at\u00e9 04\/04\/2026 Coordenador: Prof. Jo\u00e3o Paulo de Mesquita Ramal: 8303 Sala: 11 &#8211; Pr\u00e9dio 2 da FACET E-mail: coordquimica@ufvjm.edu.br Vice-Coordenadora: Prof.\u00aa Patr\u00edcia Machado de Oliveira Ramal: 8299 Sala: 25 &#8211; Pr\u00e9dio 2 da FACET E-mail: &nbsp;coordquimica@ufvjm.edu.br Secret\u00e1ria: Suellen Alves de Sousa Ramal: 1252 Sala: 6 &#8211; Pr\u00e9dio 1 da [&hellip;]<\/p>\n","protected":false},"author":1,"featured_media":0,"parent":318,"menu_order":0,"comment_status":"closed","ping_status":"closed","template":"","meta":{"_editorskit_title_hidden":false,"_editorskit_reading_time":0,"_editorskit_is_block_options_detached":false,"_editorskit_block_options_position":"{}","_exactmetrics_skip_tracking":false,"_exactmetrics_sitenote_active":false,"_exactmetrics_sitenote_note":"","_exactmetrics_sitenote_category":0,"footnotes":""},"_links":{"self":[{"href":"https:\/\/facet.ufvjm.edu.br\/index.php?rest_route=\/wp\/v2\/pages\/324"}],"collection":[{"href":"https:\/\/facet.ufvjm.edu.br\/index.php?rest_route=\/wp\/v2\/pages"}],"about":[{"href":"https:\/\/facet.ufvjm.edu.br\/index.php?rest_route=\/wp\/v2\/types\/page"}],"author":[{"embeddable":true,"href":"https:\/\/facet.ufvjm.edu.br\/index.php?rest_route=\/wp\/v2\/users\/1"}],"replies":[{"embeddable":true,"href":"https:\/\/facet.ufvjm.edu.br\/index.php?rest_route=%2Fwp%2Fv2%2Fcomments&post=324"}],"version-history":[{"count":91,"href":"https:\/\/facet.ufvjm.edu.br\/index.php?rest_route=\/wp\/v2\/pages\/324\/revisions"}],"predecessor-version":[{"id":6494,"href":"https:\/\/facet.ufvjm.edu.br\/index.php?rest_route=\/wp\/v2\/pages\/324\/revisions\/6494"}],"up":[{"embeddable":true,"href":"https:\/\/facet.ufvjm.edu.br\/index.php?rest_route=\/wp\/v2\/pages\/318"}],"wp:attachment":[{"href":"https:\/\/facet.ufvjm.edu.br\/index.php?rest_route=%2Fwp%2Fv2%2Fmedia&parent=324"}],"curies":[{"name":"wp","href":"https:\/\/api.w.org\/{rel}","templated":true}]}}