{"id":320,"date":"2019-07-31T18:02:20","date_gmt":"2019-07-31T20:02:20","guid":{"rendered":"http:\/\/www4.ict.ufvjm.edu.br\/?page_id=320"},"modified":"2024-02-16T15:58:09","modified_gmt":"2024-02-16T18:58:09","slug":"historico","status":"publish","type":"page","link":"https:\/\/facet.ufvjm.edu.br\/?page_id=320","title":{"rendered":"Sobre a FACET"},"content":{"rendered":"\n<p class=\"has-text-align-justify\">A hist\u00f3ria da Faculdade de Ci\u00eancias Exatas \u2013 FACET\/UFVJM \u00e9 interessante. Inicia-se em 2006, com a cria\u00e7\u00e3o da FACESA \u2013 Faculdade de Ci\u00eancias Exatas e Sociais Aplicadas. A Unidade acad\u00eamica abrigava ent\u00e3o os cursos de Qu\u00edmica, Sistemas de Informa\u00e7\u00e3o e Turismo.<\/p>\n\n\n\n<p class=\"has-text-align-justify\">Em 2009, com a migra\u00e7\u00e3o do curso de Turismo para a Faculdade Interdisciplinar de Humanidades \u2013 FIH, a FACESA tornou-se FACET \u2013 Faculdade de Ci\u00eancias Exatas e Tecnol\u00f3gicas, e em seguida, at\u00e9 o presente, Faculdade de Ci\u00eancias Exatas.<\/p>\n\n\n\n<p class=\"has-text-align-justify\">Inicialmente e de forma provis\u00f3ria, a FACET se instalou no Pr\u00e9dio Administrativo II e nos Blocos 5 e 6 do campus Juscelino Kubistchek, ou simplesmente <em>campus II<\/em>, como era conhecido na \u00e9poca.&nbsp;<\/p>\n\n\n\n<p class=\"has-text-align-justify\">Hoje, portanto, disp\u00f5e do pr\u00e9dio de Sistemas de Informa\u00e7\u00e3o e os Blocos 5 e 6 do campus JK &#8211; Diamantina, que passaram por profundas reestrutura\u00e7\u00f5es e reformas para dar identidade e centralidade \u00e0 FACET.\u00a0 O Bloco 5 conta com a parte administrativa, audit\u00f3rio, sala de reuni\u00f5es, sala PIBID, copa e gabinetes; o Bloco 6, por sua vez, concentra quatro laborat\u00f3rios de Qu\u00edmica e um espa\u00e7o destinado aos t\u00e9cnicos de qu\u00edmica. E por fim, no pr\u00e9dio do DECOM do curso de Sistemas de Informa\u00e7\u00e3o, disp\u00f5em de sala de aula, audit\u00f3rio, gabinetes dos professores, laborat\u00f3rios de inform\u00e1tica e pesquisa.<\/p>\n\n\n\n<p class=\"has-text-align-justify\">A Faculdade de Ci\u00eancias Exatas conta hoje com cerca de 40 docentes e 10 t\u00e9cnicos, que se dividem entre seus tr\u00eas departamentos: Departamento de Computa\u00e7\u00e3o, Departamento de Qu\u00edmica e Departamento de Matem\u00e1tica e Estat\u00edstica. Atualmente, a estrutura da FACET oferece os cursos de Bacharelado em Sistemas de Informa\u00e7\u00e3o e Licenciatura em Qu\u00edmica, a n\u00edvel de gradua\u00e7\u00e3o; e o curso de P\u00f3s Gradua\u00e7\u00e3o em Qu\u00edmica n\u00edvel de p\u00f3s gradua\u00e7\u00e3o, com mestrado e doutorado.<\/p>\n\n\n\n<p><\/p>\n\n\n\n<hr class=\"wp-block-separator has-alpha-channel-opacity is-style-default\"\/>\n\n\n\n<h2 class=\"wp-block-heading\">Diretores da FACET<\/h2>\n\n\n\n<p class=\"has-text-align-justify\">A FACET passou por quatro gest\u00f5es democr\u00e1ticas em sua diretoria, desde sua cria\u00e7\u00e3o. De 2006 a 2010, foi dirigida pelo Prof. Leonardo Morais da Silva. Entre 2010 e 2014, o diretor foi o Prof. Paulo Henrique Fid\u00eancio. De 2014 a 2018, foi dirigida pela Prof\u00aa Josiane Magalh\u00e3es Teixeira. Entre 2018 e 2022, foi a vez de a Prof\u00aa Roqueline Rodrigues Silva assumir o cargo de diretora. Para a gest\u00e3o 2022 \u2013 2026, foi reeleita a Prof\u00aa Roqueline.<\/p>\n\n\n\n<hr class=\"wp-block-separator has-alpha-channel-opacity\"\/>\n\n\n\n<h2 class=\"wp-block-heading\">Voc\u00ea Sabia? (Curiosidades)<\/h2>\n\n\n\n<ul>\n<li>Que o Curso Sistemas de Informa\u00e7\u00e3o foi considerado o segundo melhor do pa\u00eds, no ano de 2012?<\/li>\n\n\n\n<li>Que o Departamento de Matem\u00e1tica e Estat\u00edstica oferta unidades curriculares para outras faculdades da UFVJM, atendendo mais de novecentos alunos por semestre?<\/li>\n\n\n\n<li>Que o Curso de Qu\u00edmica tem nota 4 no MEC, podendo alcan\u00e7ar nota 5 com pequenas adequa\u00e7\u00f5es de infraestrutura?<\/li>\n\n\n\n<li>Que o Curso de P\u00f3s Gradua\u00e7\u00e3o em Qu\u00edmica \u00e9 um dos melhores da universidade, tem excelentes \u00edndices e forma v\u00e1rios mestres e doutores em Qu\u00edmica?<\/li>\n\n\n\n<li>Que o curso de Sistemas de Informa\u00e7\u00e3o possui uma Empresa J\u00fanior, chamada Next Step, que atua no desenvolvimento de web sites, identidade visual, marketing e propaganda?<\/li>\n\n\n\n<li>Que temos um grupo PET e programas PIBID e Resid\u00eancia Pedag\u00f3gica que fomentam trabalhos na \u00e1rea de Qu\u00edmica?<\/li>\n<\/ul>\n","protected":false},"excerpt":{"rendered":"<p>A hist\u00f3ria da Faculdade de Ci\u00eancias Exatas \u2013 FACET\/UFVJM \u00e9 interessante. Inicia-se em 2006, com a cria\u00e7\u00e3o da FACESA \u2013 Faculdade de Ci\u00eancias Exatas e Sociais Aplicadas. A Unidade acad\u00eamica abrigava ent\u00e3o os cursos de Qu\u00edmica, Sistemas de Informa\u00e7\u00e3o e Turismo. Em 2009, com a migra\u00e7\u00e3o do curso de Turismo para a Faculdade Interdisciplinar de [&hellip;]<\/p>\n","protected":false},"author":1,"featured_media":0,"parent":318,"menu_order":0,"comment_status":"closed","ping_status":"closed","template":"","meta":{"_editorskit_title_hidden":false,"_editorskit_reading_time":2,"_editorskit_is_block_options_detached":false,"_editorskit_block_options_position":"{}","_exactmetrics_skip_tracking":false,"_exactmetrics_sitenote_active":false,"_exactmetrics_sitenote_note":"","_exactmetrics_sitenote_category":0,"footnotes":""},"_links":{"self":[{"href":"https:\/\/facet.ufvjm.edu.br\/index.php?rest_route=\/wp\/v2\/pages\/320"}],"collection":[{"href":"https:\/\/facet.ufvjm.edu.br\/index.php?rest_route=\/wp\/v2\/pages"}],"about":[{"href":"https:\/\/facet.ufvjm.edu.br\/index.php?rest_route=\/wp\/v2\/types\/page"}],"author":[{"embeddable":true,"href":"https:\/\/facet.ufvjm.edu.br\/index.php?rest_route=\/wp\/v2\/users\/1"}],"replies":[{"embeddable":true,"href":"https:\/\/facet.ufvjm.edu.br\/index.php?rest_route=%2Fwp%2Fv2%2Fcomments&post=320"}],"version-history":[{"count":46,"href":"https:\/\/facet.ufvjm.edu.br\/index.php?rest_route=\/wp\/v2\/pages\/320\/revisions"}],"predecessor-version":[{"id":5797,"href":"https:\/\/facet.ufvjm.edu.br\/index.php?rest_route=\/wp\/v2\/pages\/320\/revisions\/5797"}],"up":[{"embeddable":true,"href":"https:\/\/facet.ufvjm.edu.br\/index.php?rest_route=\/wp\/v2\/pages\/318"}],"wp:attachment":[{"href":"https:\/\/facet.ufvjm.edu.br\/index.php?rest_route=%2Fwp%2Fv2%2Fmedia&parent=320"}],"curies":[{"name":"wp","href":"https:\/\/api.w.org\/{rel}","templated":true}]}}