{"id":172,"date":"2019-07-31T11:41:02","date_gmt":"2019-07-31T13:41:02","guid":{"rendered":"http:\/\/www4.ict.ufvjm.edu.br\/?page_id=172"},"modified":"2025-06-24T17:38:44","modified_gmt":"2025-06-24T20:38:44","slug":"cursos","status":"publish","type":"page","link":"https:\/\/facet.ufvjm.edu.br\/?page_id=172","title":{"rendered":"Cursos"},"content":{"rendered":"\n<p class=\"has-text-align-left\"><strong>Cursos de Gradua\u00e7\u00e3o da  <strong>Faculdade de Ci\u00eancias Exatas da UFVJM.<\/strong><\/strong><\/p>\n\n\n\n<div class=\"overflow-wrapper\">\n\n<div id=\"feature_card-1\" class=\"col-sm-12 col-md-6 col-lg-4 mb-4 widget_feature_card\">\n  <div class=\"text-center card-1\">\n    <div class=\"align\">\n      <a href=\"http:\/\/site.ufvjm.edu.br\/dequi\/\" target=\"_blank\" style=\"text-decoration: none;\" rel=\"noopener\">\n        <figure class=\"p-3\"><img decoding=\"async\" width=\"85px\" src=\"\/\/facet.ufvjm.edu.br\/arquivos\/images_site\/microscope.svg\"><\/figure>\n        <h3 class=\"card-title\">Qu\u00edmica<\/h3>\n        <p>Licenciatura em Qu\u00edmica<\/p>\n      <\/a>\n    <\/div>\n  <\/div>\n<\/div>\n\n<div id=\"feature_card-2\" class=\"col-sm-12 col-md-6 col-lg-4 mb-4 widget_feature_card\">\n  <div class=\"text-center card-1\">\n    <div class=\"align\">\n      <a href=\"https:\/\/portal.ufvjm.edu.br\/a-universidade\/cursos\/sin\" target=\"_blank\" style=\"text-decoration: none;\" rel=\"noopener\">\n        <figure><img decoding=\"async\" width=\"120px\" src=\"\/\/facet.ufvjm.edu.br\/files\/img-site\/sistemasdeinformacao.svg\"><\/figure>\n        <h3 class=\"card-title\">Sistemas de Informa\u00e7\u00e3o<\/h3>\n        <p>Bacharelado em Sistemas de Informa\u00e7\u00e3o<\/p>\n      <\/a>\n    <\/div>\n  <\/div>\n<\/div>\n\n<div id=\"feature_card-8\" class=\"col-sm-12 col-md-6 col-lg-3 mb-4 widget_feature_card\">\n  <div class=\"text-center card-1\">\n    <div class=\"align\">\n      <a href=\"\/\/facet.ufvjm.edu.br\/?page_id=330\" style=\"text-decoration: none;\" rel=\"noopener noreferrer\">\n        <figure><img decoding=\"async\" src=\"\/\/facet.ufvjm.edu.br\/arquivos\/images_site\/book-open.svg\" width=\"120px\"><\/figure>\n        <h3 class=\"card-title\">TCC<\/h3>\n        <p>Trabalhos de conclus\u00e3o de curso<\/p>\n      <\/a>\n    <\/div>\n  <\/div>\n<\/div>\n\n<\/div>\n","protected":false},"excerpt":{"rendered":"<p>Cursos de Gradua\u00e7\u00e3o da Faculdade de Ci\u00eancias Exatas da UFVJM. Qu\u00edmica Licenciatura em Qu\u00edmica Sistemas de Informa\u00e7\u00e3o Bacharelado em Sistemas de Informa\u00e7\u00e3o TCC Trabalhos de conclus\u00e3o de curso<\/p>\n","protected":false},"author":1,"featured_media":0,"parent":0,"menu_order":0,"comment_status":"closed","ping_status":"closed","template":"page-info.php","meta":{"_editorskit_title_hidden":false,"_editorskit_reading_time":1,"_editorskit_is_block_options_detached":false,"_editorskit_block_options_position":"{}","_exactmetrics_skip_tracking":false,"_exactmetrics_sitenote_active":false,"_exactmetrics_sitenote_note":"","_exactmetrics_sitenote_category":0,"footnotes":""},"_links":{"self":[{"href":"https:\/\/facet.ufvjm.edu.br\/index.php?rest_route=\/wp\/v2\/pages\/172"}],"collection":[{"href":"https:\/\/facet.ufvjm.edu.br\/index.php?rest_route=\/wp\/v2\/pages"}],"about":[{"href":"https:\/\/facet.ufvjm.edu.br\/index.php?rest_route=\/wp\/v2\/types\/page"}],"author":[{"embeddable":true,"href":"https:\/\/facet.ufvjm.edu.br\/index.php?rest_route=\/wp\/v2\/users\/1"}],"replies":[{"embeddable":true,"href":"https:\/\/facet.ufvjm.edu.br\/index.php?rest_route=%2Fwp%2Fv2%2Fcomments&post=172"}],"version-history":[{"count":104,"href":"https:\/\/facet.ufvjm.edu.br\/index.php?rest_route=\/wp\/v2\/pages\/172\/revisions"}],"predecessor-version":[{"id":6483,"href":"https:\/\/facet.ufvjm.edu.br\/index.php?rest_route=\/wp\/v2\/pages\/172\/revisions\/6483"}],"wp:attachment":[{"href":"https:\/\/facet.ufvjm.edu.br\/index.php?rest_route=%2Fwp%2Fv2%2Fmedia&parent=172"}],"curies":[{"name":"wp","href":"https:\/\/api.w.org\/{rel}","templated":true}]}}