{"id":1674,"date":"2019-10-07T19:32:54","date_gmt":"2019-10-07T22:32:54","guid":{"rendered":"https:\/\/www4.ict.ufvjm.edu.br\/?page_id=1674"},"modified":"2024-02-15T17:30:28","modified_gmt":"2024-02-15T20:30:28","slug":"nextstep-empresa-junior","status":"publish","type":"page","link":"https:\/\/facet.ufvjm.edu.br\/?page_id=1674","title":{"rendered":"Next Step Empresa J\u00fanior"},"content":{"rendered":"\n<figure class=\"wp-block-image size-large\"><img fetchpriority=\"high\" decoding=\"async\" width=\"1024\" height=\"256\" src=\"https:\/\/facet.ufvjm.edu.br\/wp-content\/uploads\/2023\/05\/nxej-1024x256.jpg\" alt=\"\" class=\"wp-image-5493\" srcset=\"https:\/\/facet.ufvjm.edu.br\/wp-content\/uploads\/2023\/05\/nxej-1024x256.jpg 1024w, https:\/\/facet.ufvjm.edu.br\/wp-content\/uploads\/2023\/05\/nxej-300x75.jpg 300w, https:\/\/facet.ufvjm.edu.br\/wp-content\/uploads\/2023\/05\/nxej-768x192.jpg 768w, https:\/\/facet.ufvjm.edu.br\/wp-content\/uploads\/2023\/05\/nxej.jpg 1280w\" sizes=\"(max-width: 1024px) 100vw, 1024px\" \/><\/figure>\n\n\n\n<p class=\"has-text-align-justify\">A <em>Next Step<\/em> Empresa J\u00fanior \u00e9 uma organiza\u00e7\u00e3o fundada em 2015 por alunos do curso de Sistemas de Informa\u00e7\u00e3o e que tem se destacado no mercado ao desenvolver solu\u00e7\u00f5es em tecnologia. Com um foco especial em websites, <em>e-commerces<\/em> e outras \u00e1reas afins, a empresa tem conquistado uma reputa\u00e7\u00e3o s\u00f3lida ao oferecer servi\u00e7os de alta qualidade para seus clientes. A empresa tem como principal objetivo proporcionar experi\u00eancias profissionais para os discentes do curso, permitindo que eles coloquem em pr\u00e1tica os conhecimentos adquiridos em sala de aula. Com uma equipe formada por jovens talentosos e dedicados, a organiza\u00e7\u00e3o tem se consolidado como uma refer\u00eancia no setor na regi\u00e3o norte de minas gerais na cria\u00e7\u00e3o de website institucionais para empresas, implementa\u00e7\u00e3o de sistemas de <em>e-commerces<\/em> ou ainda na oferta de suporte personalizado para aqueles que desejam realizar manuten\u00e7\u00f5es em seus sistemas.<\/p>\n\n\n\n<p class=\"has-text-align-justify\">A <em>Next Step<\/em> tem proporcionado solu\u00e7\u00f5es tecnol\u00f3gicas eficientes e de alta qualidade com seu compromisso com a excel\u00eancia e a busca pela constante inova\u00e7\u00e3o, tornando a empresa uma escolha s\u00f3lida para aqueles que buscam servi\u00e7os de tecnologia confi\u00e1veis e diferenciados. Para saber mais, visite o site oficial em <a href=\"https:\/\/nextstepsi.com.br\/\">https:\/\/nextstepsi.com.br\/<\/a> e o Instagram <a href=\"https:\/\/www.instagram.com\/nextstep.ej\/\" target=\"_blank\" aria-label=\" (opens in a new tab)\" rel=\"noreferrer noopener\" class=\"ek-link\">@nextstep.ej<\/a> . L\u00e1, voc\u00ea poder\u00e1 encontrar informa\u00e7\u00f5es detalhadas sobre a empresa, projetos anteriores e entrar em contato com a equipe para discutir suas necessidades espec\u00edficas.<\/p>\n","protected":false},"excerpt":{"rendered":"<p>A Next Step Empresa J\u00fanior \u00e9 uma organiza\u00e7\u00e3o fundada em 2015 por alunos do curso de Sistemas de Informa\u00e7\u00e3o e que tem se destacado no mercado ao desenvolver solu\u00e7\u00f5es em tecnologia. Com um foco especial em websites, e-commerces e outras \u00e1reas afins, a empresa tem conquistado uma reputa\u00e7\u00e3o s\u00f3lida ao oferecer servi\u00e7os de alta qualidade [&hellip;]<\/p>\n","protected":false},"author":1,"featured_media":0,"parent":332,"menu_order":30,"comment_status":"closed","ping_status":"closed","template":"","meta":{"_editorskit_title_hidden":false,"_editorskit_reading_time":0,"_editorskit_is_block_options_detached":false,"_editorskit_block_options_position":"{}","_exactmetrics_skip_tracking":false,"_exactmetrics_sitenote_active":false,"_exactmetrics_sitenote_note":"","_exactmetrics_sitenote_category":0,"footnotes":""},"_links":{"self":[{"href":"https:\/\/facet.ufvjm.edu.br\/index.php?rest_route=\/wp\/v2\/pages\/1674"}],"collection":[{"href":"https:\/\/facet.ufvjm.edu.br\/index.php?rest_route=\/wp\/v2\/pages"}],"about":[{"href":"https:\/\/facet.ufvjm.edu.br\/index.php?rest_route=\/wp\/v2\/types\/page"}],"author":[{"embeddable":true,"href":"https:\/\/facet.ufvjm.edu.br\/index.php?rest_route=\/wp\/v2\/users\/1"}],"replies":[{"embeddable":true,"href":"https:\/\/facet.ufvjm.edu.br\/index.php?rest_route=%2Fwp%2Fv2%2Fcomments&post=1674"}],"version-history":[{"count":13,"href":"https:\/\/facet.ufvjm.edu.br\/index.php?rest_route=\/wp\/v2\/pages\/1674\/revisions"}],"predecessor-version":[{"id":5794,"href":"https:\/\/facet.ufvjm.edu.br\/index.php?rest_route=\/wp\/v2\/pages\/1674\/revisions\/5794"}],"up":[{"embeddable":true,"href":"https:\/\/facet.ufvjm.edu.br\/index.php?rest_route=\/wp\/v2\/pages\/332"}],"wp:attachment":[{"href":"https:\/\/facet.ufvjm.edu.br\/index.php?rest_route=%2Fwp%2Fv2%2Fmedia&parent=1674"}],"curies":[{"name":"wp","href":"https:\/\/api.w.org\/{rel}","templated":true}]}}