{"id":130,"date":"2019-07-31T10:33:06","date_gmt":"2019-07-31T12:33:06","guid":{"rendered":"http:\/\/www4.ict.ufvjm.edu.br\/?page_id=130"},"modified":"2024-09-19T16:35:13","modified_gmt":"2024-09-19T19:35:13","slug":"acesso-a-informacao","status":"publish","type":"page","link":"https:\/\/facet.ufvjm.edu.br\/?page_id=130","title":{"rendered":"Informa\u00e7\u00f5es"},"content":{"rendered":"\n<p class=\"has-text-align-center\"><strong>Acesso aos documentos, resolu\u00e7\u00f5es e informa\u00e7\u00f5es do servidores dos cursos da Faculdade de Ci\u00eancias Exatas da UFVJM.<\/strong><\/p>\n\n\n\n<p><\/p>\n\n\n\n<div class=\"overflow-wrapper\">\n\n<div id=\"feature_card-1\" class=\"col-sm-12 col-md-6 col-lg-3 mb-4 widget_feature_card\">\n  <div class=\"text-center card-1\">\n    <div class=\"align\">\n      <a href=\"\/\/facet.ufvjm.edu.br\/?page_id=73\" style=\"text-decoration: none;\">\n        <figure><img decoding=\"async\" width=\"100px\" src=\"\/\/facet.ufvjm.edu.br\/arquivos\/images_site\/folder-open.svg\"><\/figure>\n        <h3 class=\"card-title\">Documentos<\/h3>\n        <p>Documentos da FACET<\/p>\n      <\/a>\n    <\/div>\n  <\/div>\n<\/div>\n\n\n<div id=\"feature_card-3\" class=\"col-sm-12 col-md-6 col-lg-3 mb-4 widget_feature_card\">\n  <div class=\"text-center card-1\">\n    <div class=\"align\">\n      <a href=\"https:\/\/facet.ufvjm.edu.br\/?page_id=5675\" style=\"text-decoration: none;\" rel=\"noopener\">\n        <figure><img decoding=\"async\" width=\"89px\" src=\"\/\/facet.ufvjm.edu.br\/files\/img-site\/library.svg\"><\/figure>\n        <h3 class=\"card-title\">Biblioteca<\/h3>\n        <p>Hor\u00e1rios de funcionamento<\/p>\n      <\/a>\n    <\/div>\n  <\/div>\n<\/div>\n\n<div id=\"feature_card-3\" class=\"col-sm-12 col-md-6 col-lg-3 mb-4 widget_feature_card\">\n  <div class=\"text-center card-1\">\n    <div class=\"align\">\n      <a href=\"https:\/\/portal.ufvjm.edu.br\/estudantes\/calouro-vem-ca\/2023-2\/\" target=\"_blank\" style=\"text-decoration: none;\" rel=\"noopener\">\n        <figure><img decoding=\"async\" width=\"89px\" src=\"\/\/facet.ufvjm.edu.br\/files\/img-site\/support.svg\"><\/figure>\n        <h3 class=\"card-title\">Programas<\/h3>\n        <p>Assist\u00eancia Estudantil e outros<\/p>\n      <\/a>\n    <\/div>\n  <\/div>\n<\/div>\n\n<div id=\"feature_card-4\" class=\"col-sm-12 col-md-6 col-lg-3 mb-4 widget_feature_card\">\n  <div class=\"text-center card-1\">\n    <div class=\"align\">\n      <a href=\"https:\/\/portal.ufvjm.edu.br\/comunidade\/horarios-de-onibus\/horarios-de-onibus-campus-jk\" target=\"_blank\" style=\"text-decoration: none;\" rel=\"noopener noreferrer\">\n        <figure><img decoding=\"async\" width=\"78px\" src=\"\/\/facet.ufvjm.edu.br\/files\/img-site\/bus.svg\"><\/figure>\n        <h3 class=\"card-title\">Transporte<\/h3>\n        <p>Hor\u00e1rios de \u00d4nibus<\/p>\n      <\/a>\n    <\/div>\n  <\/div>\n<\/div>\n\n<\/div>\n\n\n\n<p><\/p>\n","protected":false},"excerpt":{"rendered":"<p>Acesso aos documentos, resolu\u00e7\u00f5es e informa\u00e7\u00f5es do servidores dos cursos da Faculdade de Ci\u00eancias Exatas da UFVJM. Documentos Documentos da FACET Biblioteca Hor\u00e1rios de funcionamento Programas Assist\u00eancia Estudantil e outros Transporte Hor\u00e1rios de \u00d4nibus<\/p>\n","protected":false},"author":1,"featured_media":0,"parent":0,"menu_order":0,"comment_status":"closed","ping_status":"closed","template":"page-info.php","meta":{"_editorskit_title_hidden":false,"_editorskit_reading_time":1,"_editorskit_is_block_options_detached":false,"_editorskit_block_options_position":"{}","_exactmetrics_skip_tracking":false,"_exactmetrics_sitenote_active":false,"_exactmetrics_sitenote_note":"","_exactmetrics_sitenote_category":0,"footnotes":""},"_links":{"self":[{"href":"https:\/\/facet.ufvjm.edu.br\/index.php?rest_route=\/wp\/v2\/pages\/130"}],"collection":[{"href":"https:\/\/facet.ufvjm.edu.br\/index.php?rest_route=\/wp\/v2\/pages"}],"about":[{"href":"https:\/\/facet.ufvjm.edu.br\/index.php?rest_route=\/wp\/v2\/types\/page"}],"author":[{"embeddable":true,"href":"https:\/\/facet.ufvjm.edu.br\/index.php?rest_route=\/wp\/v2\/users\/1"}],"replies":[{"embeddable":true,"href":"https:\/\/facet.ufvjm.edu.br\/index.php?rest_route=%2Fwp%2Fv2%2Fcomments&post=130"}],"version-history":[{"count":209,"href":"https:\/\/facet.ufvjm.edu.br\/index.php?rest_route=\/wp\/v2\/pages\/130\/revisions"}],"predecessor-version":[{"id":6228,"href":"https:\/\/facet.ufvjm.edu.br\/index.php?rest_route=\/wp\/v2\/pages\/130\/revisions\/6228"}],"wp:attachment":[{"href":"https:\/\/facet.ufvjm.edu.br\/index.php?rest_route=%2Fwp%2Fv2%2Fmedia&parent=130"}],"curies":[{"name":"wp","href":"https:\/\/api.w.org\/{rel}","templated":true}]}}